{"id":44,"date":"2024-02-25T19:38:13","date_gmt":"2024-02-25T18:38:13","guid":{"rendered":"https:\/\/brandskope.com\/?page_id=44"},"modified":"2024-02-25T19:38:14","modified_gmt":"2024-02-25T18:38:14","slug":"politica-de-privacidad","status":"publish","type":"page","link":"https:\/\/brandskope.com\/index.php\/politica-de-privacidad\/","title":{"rendered":"Pol\u00edtica de privacidad"},"content":{"rendered":"\n<p><strong>Pol\u00edtica de Privacidad<\/strong><\/p>\n\n\n\n<p>Bienvenido a Brandskope<\/p>\n\n\n\n<p><strong>1. Recopilaci\u00f3n de Informaci\u00f3n Personal<\/strong><\/p>\n\n\n\n<p>Recopilamos su nombre y direcci\u00f3n de correo electr\u00f3nico con el \u00fanico prop\u00f3sito de establecer contacto y enviarle nuestra newsletter peri\u00f3dicamente. No utilizamos cookies para la recopilaci\u00f3n de esta informaci\u00f3n, sino que es entregada voluntariamente por el interesado.<\/p>\n\n\n\n<p><strong>2. Uso de la Informaci\u00f3n Personal<\/strong><\/p>\n\n\n\n<p>Utilizaremos su informaci\u00f3n personal exclusivamente para enviarle nuestras comunicaciones peri\u00f3dicas y establecer contacto relacionado con nuestros servicios.<\/p>\n\n\n\n<p><strong>3. Cookies Esenciales<\/strong><\/p>\n\n\n\n<p>Utilizamos cookies esenciales para mejorar la experiencia de navegaci\u00f3n en nuestro sitio web. Estas cookies son necesarias para el funcionamiento b\u00e1sico del sitio y no recopilan informaci\u00f3n personal.<\/p>\n\n\n\n<p><strong>4. Seguridad de la Informaci\u00f3n<\/strong><\/p>\n\n\n\n<p>Su informaci\u00f3n personal se almacena de manera segura y no se comparte con terceros sin su consentimiento expreso.<\/p>\n\n\n\n<p><strong>5. Eliminaci\u00f3n de Datos<\/strong><\/p>\n\n\n\n<p>Puede solicitar la eliminaci\u00f3n de su informaci\u00f3n personal de nuestra base de datos en cualquier momento enviando un correo electr\u00f3nico a contacto@brandskope.com. Tomaremos medidas para eliminar sus datos de manera oportuna.<\/p>\n\n\n\n<p><strong>6. Cambios en la Pol\u00edtica de Privacidad<\/strong><\/p>\n\n\n\n<p>En caso de realizar cambios en nuestra pol\u00edtica de privacidad, notificaremos a los usuarios que hayan proporcionado su informaci\u00f3n personal a trav\u00e9s de correo electr\u00f3nico. Al utilizar nuestro sitio web, usted acepta los t\u00e9rminos de nuestra pol\u00edtica de privacidad.<\/p>\n\n\n\n<p>Si tiene alguna pregunta o inquietud, no dude en ponerse en contacto con nosotros en contacto@brandskope.com.<\/p>\n\n\n\n<p>Gracias por confiar en Brandskope.<\/p>\n\n\n\n<p>Fecha de \u00faltima actualizaci\u00f3n: 25-2-2024<\/p>\n","protected":false},"excerpt":{"rendered":"<p>Pol\u00edtica de Privacidad Bienvenido a Brandskope 1. Recopilaci\u00f3n de Informaci\u00f3n Personal Recopilamos su nombre y direcci\u00f3n de correo electr\u00f3nico con [&hellip;]<\/p>\n","protected":false},"author":2,"featured_media":0,"parent":0,"menu_order":0,"comment_status":"closed","ping_status":"closed","template":"","meta":{"om_disable_all_campaigns":false,"_monsterinsights_skip_tracking":false,"_monsterinsights_sitenote_active":false,"_monsterinsights_sitenote_note":"","_monsterinsights_sitenote_category":0,"site-sidebar-layout":"default","site-content-layout":"","ast-site-content-layout":"","site-content-style":"default","site-sidebar-style":"default","ast-global-header-display":"","ast-banner-title-visibility":"","ast-main-header-display":"","ast-hfb-above-header-display":"","ast-hfb-below-header-display":"","ast-hfb-mobile-header-display":"","site-post-title":"","ast-breadcrumbs-content":"","ast-featured-img":"","footer-sml-layout":"","theme-transparent-header-meta":"","adv-header-id-meta":"","stick-header-meta":"","header-above-stick-meta":"","header-main-stick-meta":"","header-below-stick-meta":"","astra-migrate-meta-layouts":"default","ast-page-background-enabled":"default","ast-page-background-meta":{"desktop":{"background-color":"var(--ast-global-color-4)","background-image":"","background-repeat":"repeat","background-position":"center center","background-size":"auto","background-attachment":"scroll","background-type":"","background-media":"","overlay-type":"","overlay-color":"","overlay-opacity":"","overlay-gradient":""},"tablet":{"background-color":"","background-image":"","background-repeat":"repeat","background-position":"center center","background-size":"auto","background-attachment":"scroll","background-type":"","background-media":"","overlay-type":"","overlay-color":"","overlay-opacity":"","overlay-gradient":""},"mobile":{"background-color":"","background-image":"","background-repeat":"repeat","background-position":"center center","background-size":"auto","background-attachment":"scroll","background-type":"","background-media":"","overlay-type":"","overlay-color":"","overlay-opacity":"","overlay-gradient":""}},"ast-content-background-meta":{"desktop":{"background-color":"var(--ast-global-color-5)","background-image":"","background-repeat":"repeat","background-position":"center center","background-size":"auto","background-attachment":"scroll","background-type":"","background-media":"","overlay-type":"","overlay-color":"","overlay-opacity":"","overlay-gradient":""},"tablet":{"background-color":"var(--ast-global-color-5)","background-image":"","background-repeat":"repeat","background-position":"center center","background-size":"auto","background-attachment":"scroll","background-type":"","background-media":"","overlay-type":"","overlay-color":"","overlay-opacity":"","overlay-gradient":""},"mobile":{"background-color":"var(--ast-global-color-5)","background-image":"","background-repeat":"repeat","background-position":"center center","background-size":"auto","background-attachment":"scroll","background-type":"","background-media":"","overlay-type":"","overlay-color":"","overlay-opacity":"","overlay-gradient":""}},"footnotes":""},"aioseo_notices":[],"_links":{"self":[{"href":"https:\/\/brandskope.com\/index.php\/wp-json\/wp\/v2\/pages\/44"}],"collection":[{"href":"https:\/\/brandskope.com\/index.php\/wp-json\/wp\/v2\/pages"}],"about":[{"href":"https:\/\/brandskope.com\/index.php\/wp-json\/wp\/v2\/types\/page"}],"author":[{"embeddable":true,"href":"https:\/\/brandskope.com\/index.php\/wp-json\/wp\/v2\/users\/2"}],"replies":[{"embeddable":true,"href":"https:\/\/brandskope.com\/index.php\/wp-json\/wp\/v2\/comments?post=44"}],"version-history":[{"count":1,"href":"https:\/\/brandskope.com\/index.php\/wp-json\/wp\/v2\/pages\/44\/revisions"}],"predecessor-version":[{"id":46,"href":"https:\/\/brandskope.com\/index.php\/wp-json\/wp\/v2\/pages\/44\/revisions\/46"}],"wp:attachment":[{"href":"https:\/\/brandskope.com\/index.php\/wp-json\/wp\/v2\/media?parent=44"}],"curies":[{"name":"wp","href":"https:\/\/api.w.org\/{rel}","templated":true}]}}